{"id":658,"date":"2025-07-07T15:10:40","date_gmt":"2025-07-07T15:10:40","guid":{"rendered":"https:\/\/meiob.pt\/?page_id=658"},"modified":"2026-04-28T14:15:02","modified_gmt":"2026-04-28T14:15:02","slug":"declaracao-de-acessibilidade","status":"publish","type":"page","link":"https:\/\/meiob.pt\/fr\/declaracao-de-acessibilidade\/","title":{"rendered":"D\u00e9claration d&rsquo;accessibilit\u00e9"},"content":{"rendered":"<p><strong>Derni\u00e8re mise \u00e0 jour :<\/strong> 26 mars 2026<\/p>\n<p>Ce site web s&rsquo;engage \u00e0 garantir l&rsquo;accessibilit\u00e9 num\u00e9rique \u00e0 tous les utilisateurs, y compris les personnes en situation de handicap, conform\u00e9ment au d\u00e9cret-loi n\u00b0 [num\u00e9ro du d\u00e9cret-loi].<\/p>\n<h2>\u00c9tat de conformit\u00e9<\/h2>\n<p>Ce site web est conforme aux exigences d&rsquo;accessibilit\u00e9 des WCAG 2.1 \u2013 niveau AA.<\/p>\n<h2>Contenu inaccessible<\/h2>\n<p>a) Non-conformit\u00e9 aux exigences d&rsquo;accessibilit\u00e9<\/p>\n<p>Actuellement, aucun contenu non conforme aux exigences d&rsquo;accessibilit\u00e9 d\u00e9finies dans les WCAG 2.1 \u2013 niveau AA n&rsquo;a \u00e9t\u00e9 identifi\u00e9.<\/p>\n<p>b) Contenu exclu du champ d&rsquo;application de la l\u00e9gislation<\/p>\n<p>Certains documents PDF anciens peuvent ne pas \u00eatre enti\u00e8rement accessibles, car ils ont \u00e9t\u00e9 produits avant 2018.<\/p>\n<p>Ces fichiers sont identifi\u00e9s et seront progressivement remplac\u00e9s par des versions accessibles.<\/p>\n<h2>Plan d&rsquo;am\u00e9lioration continue<\/h2>\n<p>Le site web fait l&rsquo;objet d&rsquo;un suivi et d&rsquo;un examen p\u00e9riodiques afin de garantir sa conformit\u00e9 continue aux WCAG 2.1 \u2013 niveau AA et d&rsquo;am\u00e9liorer constamment l&rsquo;exp\u00e9rience utilisateur.<\/p>\n<p>Toutes les nouvelles fonctionnalit\u00e9s et tous les nouveaux contenus sont d\u00e9velopp\u00e9s selon le principe d&rsquo;\u00ab\u00a0accessibilit\u00e9 d\u00e8s la conception\u00a0\u00bb, garantissant ainsi l&rsquo;int\u00e9gration de l&rsquo;accessibilit\u00e9 d\u00e8s le d\u00e9part.<\/p>\n<h2>Contact et commentaires<\/h2>\n<p>Si vous rencontrez des difficult\u00e9s d&rsquo;acc\u00e8s ou souhaitez signaler un probl\u00e8me, vous pouvez nous contacter via les coordonn\u00e9es indiqu\u00e9es sur ce site web.<\/p>\n<p>Nous nous engageons \u00e0 vous r\u00e9pondre dans un d\u00e9lai maximum de 30 jours ouvrables.<\/p>","protected":false},"excerpt":{"rendered":"<p>Derni\u00e8re mise \u00e0 jour : 26 mars 2026 Ce site web s&rsquo;engage \u00e0 garantir l&rsquo;accessibilit\u00e9 num\u00e9rique \u00e0 tous les utilisateurs, y compris les personnes en situation de handicap, conform\u00e9ment au d\u00e9cret-loi n\u00b0 [num\u00e9ro du d\u00e9cret-loi]. \u00c9tat de conformit\u00e9 Ce site web est conforme aux exigences d&rsquo;accessibilit\u00e9 des WCAG 2.1 \u2013 niveau AA. Contenu inaccessible a) [&hellip;]<\/p>\n","protected":false},"author":1,"featured_media":0,"parent":0,"menu_order":0,"comment_status":"closed","ping_status":"closed","template":"","meta":{"footnotes":""},"acf":[],"_links":{"self":[{"href":"https:\/\/meiob.pt\/fr\/wp-json\/wp\/v2\/pages\/658"}],"collection":[{"href":"https:\/\/meiob.pt\/fr\/wp-json\/wp\/v2\/pages"}],"about":[{"href":"https:\/\/meiob.pt\/fr\/wp-json\/wp\/v2\/types\/page"}],"author":[{"embeddable":true,"href":"https:\/\/meiob.pt\/fr\/wp-json\/wp\/v2\/users\/1"}],"replies":[{"embeddable":true,"href":"https:\/\/meiob.pt\/fr\/wp-json\/wp\/v2\/comments?post=658"}],"version-history":[{"count":10,"href":"https:\/\/meiob.pt\/fr\/wp-json\/wp\/v2\/pages\/658\/revisions"}],"predecessor-version":[{"id":749,"href":"https:\/\/meiob.pt\/fr\/wp-json\/wp\/v2\/pages\/658\/revisions\/749"}],"wp:attachment":[{"href":"https:\/\/meiob.pt\/fr\/wp-json\/wp\/v2\/media?parent=658"}],"curies":[{"name":"wp","href":"https:\/\/api.w.org\/{rel}","templated":true}]}}