{"id":126,"date":"2023-08-22T15:29:41","date_gmt":"2023-08-22T15:29:41","guid":{"rendered":"https:\/\/meiob.pt\/?page_id=126"},"modified":"2025-05-22T09:49:19","modified_gmt":"2025-05-22T09:49:19","slug":"tarifarios","status":"publish","type":"page","link":"https:\/\/meiob.pt\/fr\/tarifarios\/","title":{"rendered":"Tarifs"},"content":{"rendered":"<p><strong>Choisissez parmi trois options tarifaires, payez le tarif d&rsquo;acc\u00e8s une seule fois et les 60 premi\u00e8res minutes de chaque trajet sont \u00e0 notre charge.<\/strong><\/p>","protected":false},"excerpt":{"rendered":"<p>Choisissez parmi trois options tarifaires, payez le tarif d&rsquo;acc\u00e8s une seule fois et les 60 premi\u00e8res minutes de chaque trajet sont \u00e0 notre charge.<\/p>\n","protected":false},"author":1,"featured_media":157,"parent":0,"menu_order":0,"comment_status":"closed","ping_status":"closed","template":"page-tarifarios.php","meta":{"footnotes":""},"acf":[],"_links":{"self":[{"href":"https:\/\/meiob.pt\/fr\/wp-json\/wp\/v2\/pages\/126"}],"collection":[{"href":"https:\/\/meiob.pt\/fr\/wp-json\/wp\/v2\/pages"}],"about":[{"href":"https:\/\/meiob.pt\/fr\/wp-json\/wp\/v2\/types\/page"}],"author":[{"embeddable":true,"href":"https:\/\/meiob.pt\/fr\/wp-json\/wp\/v2\/users\/1"}],"replies":[{"embeddable":true,"href":"https:\/\/meiob.pt\/fr\/wp-json\/wp\/v2\/comments?post=126"}],"version-history":[{"count":1,"href":"https:\/\/meiob.pt\/fr\/wp-json\/wp\/v2\/pages\/126\/revisions"}],"predecessor-version":[{"id":639,"href":"https:\/\/meiob.pt\/fr\/wp-json\/wp\/v2\/pages\/126\/revisions\/639"}],"wp:featuredmedia":[{"embeddable":true,"href":"https:\/\/meiob.pt\/fr\/wp-json\/wp\/v2\/media\/157"}],"wp:attachment":[{"href":"https:\/\/meiob.pt\/fr\/wp-json\/wp\/v2\/media?parent=126"}],"curies":[{"name":"wp","href":"https:\/\/api.w.org\/{rel}","templated":true}]}}