{"id":114,"date":"2023-08-22T15:08:18","date_gmt":"2023-08-22T15:08:18","guid":{"rendered":"https:\/\/meiob.pt\/?page_id=114"},"modified":"2024-05-13T16:37:31","modified_gmt":"2024-05-13T16:37:31","slug":"pcs","status":"publish","type":"page","link":"https:\/\/meiob.pt\/fr\/pcs\/","title":{"rendered":"Politique de confidentialit\u00e9 et de services"},"content":{"rendered":"<p>(Version r\u00e9vis\u00e9e au 17\/08\/2023)<\/p>\n<p>&nbsp;<\/p>\n<h2><strong>1) Qui sommes-nous ?<\/strong><\/h2>\n<p>La pr\u00e9sente politique de confidentialit\u00e9 est \u00e9mise au nom de la Communaut\u00e9 Intermunicipale du M\u00e9dio Tejo, l&rsquo;entit\u00e9 promotrice du projet de v\u00e9los partag\u00e9s du M\u00e9dio Tejo, dont le si\u00e8ge est situ\u00e9 au Convento de S\u00e3o Francisco &#8211; Av. General Bernardo Faria, dans la municipalit\u00e9 de Tomar.<\/p>\n<p>La solution de v\u00e9los \u00e9lectriques partag\u00e9s du M\u00e9dio Tejo, appel\u00e9e <strong>meioB<\/strong>, est g\u00e9r\u00e9e par l&rsquo;entreprise CME &#8211; Constru\u00e7\u00e3o e Manuten\u00e7\u00e3o Electromec\u00e2nica, S.A., qui assure la gestion et la maintenance du syst\u00e8me.<\/p>\n<p><strong>neioB<\/strong> respecte votre vie priv\u00e9e et s&rsquo;engage \u00e0 prot\u00e9ger vos donn\u00e9es personnelles. Cette politique de confidentialit\u00e9 d\u00e9taille la mani\u00e8re dont nous traitons vos donn\u00e9es personnelles lorsque vous utilisez notre application mobile ou nos v\u00e9los. De plus, elle expose vos droits en mati\u00e8re de confidentialit\u00e9 et comment la loi les prot\u00e8ge. Nos services ne sont pas destin\u00e9s aux enfants de moins de 16 ans, et nous ne collectons d\u00e9lib\u00e9r\u00e9ment aucune donn\u00e9e sur les enfants. Les d\u00e9tails sont sp\u00e9cifi\u00e9s dans nos CONDITIONS G\u00c9N\u00c9RALES D&rsquo;ACC\u00c8S ET D&rsquo;UTILISATION DU SERVICE (CGAUS).<\/p>\n<p>Nous examinons r\u00e9guli\u00e8rement notre politique de confidentialit\u00e9, et nous vous invitons donc \u00e0 consulter r\u00e9guli\u00e8rement cette page Web ou via l&rsquo;application. Il est important que les donn\u00e9es personnelles que vous nous fournissez soient pr\u00e9cises et \u00e0 jour. Si vos donn\u00e9es personnelles doivent \u00eatre modifi\u00e9es au cours de votre relation avec nous, veuillez nous en informer via l&rsquo;application ou par e-mail \u00e0 l&rsquo;adresse suivante : <a href=\"mailto:geral@cimt.pt\" target=\"_new\" rel=\"noopener\">geral@cimt.pt<\/a>.<\/p>\n<p>&nbsp;<\/p>\n<h2><strong>2)Quelles donn\u00e9es pouvons-nous collecter ?<\/strong><\/h2>\n<p>Le terme \u00ab\u00a0Donn\u00e9es personnelles\u00a0\u00bb d\u00e9signe toute information relative \u00e0 une personne physique identifi\u00e9e ou identifiable qui peut \u00eatre identifi\u00e9e, directement ou indirectement, notamment par r\u00e9f\u00e9rence \u00e0 un identifiant tel qu&rsquo;un nom, un num\u00e9ro d&rsquo;identification, des donn\u00e9es de localisation, un identifiant en ligne, etc.<\/p>\n<p>Nous pouvons collecter, utiliser, stocker et transf\u00e9rer diff\u00e9rents types de donn\u00e9es personnelles vous concernant (c&rsquo;est-\u00e0-dire toute information vous identifiant directement ou indirectement), regroup\u00e9s comme suit :<\/p>\n<ul>\n<li>Donn\u00e9es li\u00e9es \u00e0 votre identit\u00e9 et coordonn\u00e9es : comprend le pr\u00e9nom, le nom de famille, le nom d&rsquo;utilisateur, le mot de passe, l&rsquo;adresse e-mail, les num\u00e9ros de t\u00e9l\u00e9phone et d&rsquo;autres identifiants similaires.<\/li>\n<li>Donn\u00e9es financi\u00e8res et transactionnelles : comprend certaines informations li\u00e9es au compte bancaire et \u00e0 la carte de paiement, ainsi que toutes les informations sur les paiements que vous effectuez et tout autre d\u00e9tail li\u00e9 aux services achet\u00e9s et autres d\u00e9tails similaires. Veuillez noter que nous ne stockons pas vos informations compl\u00e8tes de carte de paiement. Ces informations sont stock\u00e9es par notre partenaire de paiement tiers approuv\u00e9 \u00e0 cet effet.<\/li>\n<li>Donn\u00e9es techniques et d&rsquo;utilisation : comprend des informations sur la mani\u00e8re dont vous utilisez notre application et nos v\u00e9los (y compris l&rsquo;historique des d\u00e9placements et la localisation), le type et la version du syst\u00e8me d&rsquo;exploitation du t\u00e9l\u00e9phone portable utilis\u00e9.<\/li>\n<li>Donn\u00e9es de profil : comprend les services et abonnements s\u00e9lectionn\u00e9s.<\/li>\n<\/ul>\n<p>Si l&rsquo;autorisation n&rsquo;est pas donn\u00e9e pour la collecte des donn\u00e9es personnelles ou si les donn\u00e9es personnelles ne sont pas fournies conform\u00e9ment \u00e0 nos Conditions g\u00e9n\u00e9rales, nous pourrions ne pas \u00eatre en mesure de garantir le respect des TERMES G\u00c9N\u00c9RAUX D&rsquo;ACC\u00c8S ET D&rsquo;UTILISATION DU SERVICE (TGAUS). Dans ce cas, l&rsquo;utilisation de l&rsquo;application pourrait \u00eatre refus\u00e9e.<\/p>\n<p>&nbsp;<\/p>\n<h2><strong>3)Comment et pourquoi collectons-nous ces donn\u00e9es ?<\/strong><\/h2>\n<div class=\"flex-1 overflow-hidden\">\n<div class=\"react-scroll-to-bottom--css-qosfh-79elbk h-full\">\n<div class=\"react-scroll-to-bottom--css-qosfh-1n7m0yu\">\n<div class=\"flex flex-col text-sm gizmo:pb-9 dark:bg-gray-800 gizmo:dark:bg-transparent\">\n<div class=\"w-full text-token-text-primary border-b border-black\/10 gizmo:border-0 dark:border-gray-900\/50 gizmo:dark:border-0 bg-gray-50 gizmo:bg-transparent dark:bg-[#444654] gizmo:dark:bg-transparent\" data-testid=\"conversation-turn-39\">\n<div class=\"p-4 gizmo:py-2 justify-center text-base md:gap-6 md:py-6 m-auto\">\n<div class=\"flex flex-1 gap-4 text-base mx-auto md:gap-6 gizmo:gap-3 gizmo:md:px-5 gizmo:lg:px-1 gizmo:xl:px-5 md:max-w-2xl lg:max-w-[38rem] gizmo:md:max-w-3xl gizmo:lg:max-w-[40rem] gizmo:xl:max-w-[48rem] xl:max-w-3xl } group final-completion\">\n<div class=\"relative flex w-[calc(100%-50px)] flex-col gizmo:w-full lg:w-[calc(100%-115px)] agent-turn\">\n<div class=\"flex-col gap-1 md:gap-3\">\n<div class=\"flex flex-grow flex-col max-w-full gap-3 gizmo:gap-0\">\n<div class=\"min-h-[20px] text-message flex flex-col items-start gap-3 whitespace-pre-wrap break-words [.text-message+&amp;]:mt-5 overflow-x-auto\" data-message-author-role=\"assistant\" data-message-id=\"d9308882-a62e-4483-a676-ca16e5a0b4a7\">\n<div class=\"markdown prose w-full break-words dark:prose-invert light\">\n<p>En cr\u00e9ant un compte dans l&rsquo;application, vous remplissez les informations demand\u00e9es et, en tant qu&rsquo;utilisateur, vous acceptez la collecte et le traitement de vos donn\u00e9es personnelles par l&rsquo;entreprise ou tout prestataire de services d\u00e9sign\u00e9, conform\u00e9ment \u00e0 toutes les r\u00e9glementations applicables sur la protection des donn\u00e9es personnelles, en particulier les dispositions du R\u00e8glement g\u00e9n\u00e9ral sur la protection des donn\u00e9es n\u00b0 679\/2016 du 27 avril 2016 (RGPD). L&rsquo;entreprise est la gestionnaire des donn\u00e9es personnelles collect\u00e9es dans le cadre des services. En tout \u00e9tat de cause, l&rsquo;entreprise s&rsquo;engage \u00e0 respecter les lois et r\u00e8glements en vigueur relatifs \u00e0 la protection de la vie priv\u00e9e.<\/p>\n<p>Les donn\u00e9es personnelles collect\u00e9es par l&rsquo;entreprise sont strictement n\u00e9cessaires \u00e0 la gestion et \u00e0 l&rsquo;ex\u00e9cution des services (facturation, paiement, acc\u00e8s aux v\u00e9los, service client, voyages, etc.). Vous avez la possibilit\u00e9 de suivre vos d\u00e9placements avec l&rsquo;application ou non : la demande est explicitement formul\u00e9e dans une fen\u00eatre d\u00e9di\u00e9e. Si vous choisissez \u00ab\u00a0oui\u00a0\u00bb \u00e0 cette demande, l&rsquo;application trace l&#8217;emplacement en arri\u00e8re-plan pour vous donner acc\u00e8s au suivi et aux statistiques de voyage. Si vous choisissez \u00ab\u00a0non\u00a0\u00bb, l&#8217;emplacement ne sera pas indiqu\u00e9 en arri\u00e8re-plan. Cette fonctionnalit\u00e9 n&rsquo;est utilis\u00e9e que pendant le voyage.<\/p>\n<p>Dans ce contexte, en tant qu&rsquo;utilisateur, vous acceptez que certaines informations collect\u00e9es \u00e0 votre sujet puissent \u00eatre trait\u00e9es dans un pays en dehors de l&rsquo;Union europ\u00e9enne, l&rsquo;entreprise s&rsquo;effor\u00e7ant de prendre les mesures appropri\u00e9es pour maintenir un niveau optimal de confidentialit\u00e9 et de s\u00e9curit\u00e9 de vos donn\u00e9es personnelles, en particulier en exigeant que tous ses sous-traitants et prestataires de services mettent en \u0153uvre toutes les mesures techniques et organisationnelles appropri\u00e9es en continu pour garantir la s\u00e9curit\u00e9 de ces donn\u00e9es personnelles, assurer le m\u00eame niveau de protection requis par les r\u00e9glementations portugaises et communautaires sur les donn\u00e9es personnelles.<\/p>\n<p>Vous acceptez que ces donn\u00e9es personnelles puissent \u00eatre stock\u00e9es, trait\u00e9es et transf\u00e9r\u00e9es par l&rsquo;entreprise \u00e0 ses sous-traitants ou prestataires de services aux fins susmentionn\u00e9es, qui ne pourront y acc\u00e9der que conform\u00e9ment aux dispositions l\u00e9gales et r\u00e9glementaires en vigueur.<\/p>\n<p>Les donn\u00e9es personnelles collect\u00e9es permettent \u00e9galement \u00e0 l&rsquo;entreprise de vous informer sur des offres promotionnelles ou de nouveaux services.<\/p>\n<p>&nbsp;<\/p>\n<\/div>\n<\/div>\n<\/div>\n<\/div>\n<\/div>\n<\/div>\n<\/div>\n<\/div>\n<\/div>\n<\/div>\n<\/div>\n<\/div>\n<h2><strong>4)<\/strong><strong>Combien de temps utiliserons-nous vos donn\u00e9es personnelles ?<\/strong><\/h2>\n<p>Nous conservons vos donn\u00e9es personnelles uniquement pendant le temps raisonnablement n\u00e9cessaire pour atteindre les objectifs pour lesquels nous les avons collect\u00e9es, y compris \u00e0 des fins de respect de toutes les obligations l\u00e9gales, r\u00e9glementaires, fiscales, comptables ou de responsabilit\u00e9. Nous pouvons conserver vos donn\u00e9es personnelles pendant une p\u00e9riode plus longue en cas de r\u00e9clamation ou si nous croyons raisonnablement qu&rsquo;il y a un risque de litige survenu dans le cadre de notre relation commerciale. Pour d\u00e9terminer la dur\u00e9e de conservation appropri\u00e9e des donn\u00e9es personnelles, nous prenons en compte la quantit\u00e9, la nature et le degr\u00e9 de sensibilit\u00e9 des donn\u00e9es en question, les risques de pr\u00e9judice en cas d&rsquo;utilisation ou de divulgation non autoris\u00e9e de vos donn\u00e9es personnelles, les objectifs pour lesquels nous les traitons, si nous pouvons atteindre ces objectifs par d&rsquo;autres moyens et les exigences des lois, r\u00e8glements, fiscales, comptables ou autres applicables.<\/p>\n<p><strong>\u00a0<\/strong><\/p>\n<h2><strong>5)S\u00e9curit\u00e9 des donn\u00e9es<\/strong><\/h2>\n<div class=\"flex-1 overflow-hidden\">\n<div class=\"react-scroll-to-bottom--css-qosfh-79elbk h-full\">\n<div class=\"react-scroll-to-bottom--css-qosfh-1n7m0yu\">\n<div class=\"flex flex-col text-sm gizmo:pb-9 dark:bg-gray-800 gizmo:dark:bg-transparent\">\n<div class=\"w-full text-token-text-primary border-b border-black\/10 gizmo:border-0 dark:border-gray-900\/50 gizmo:dark:border-0 bg-gray-50 gizmo:bg-transparent dark:bg-[#444654] gizmo:dark:bg-transparent\" data-testid=\"conversation-turn-43\">\n<div class=\"p-4 gizmo:py-2 justify-center text-base md:gap-6 md:py-6 m-auto\">\n<div class=\"flex flex-1 gap-4 text-base mx-auto md:gap-6 gizmo:gap-3 gizmo:md:px-5 gizmo:lg:px-1 gizmo:xl:px-5 md:max-w-2xl lg:max-w-[38rem] gizmo:md:max-w-3xl gizmo:lg:max-w-[40rem] gizmo:xl:max-w-[48rem] xl:max-w-3xl } group final-completion\">\n<div class=\"relative flex w-[calc(100%-50px)] flex-col gizmo:w-full lg:w-[calc(100%-115px)] agent-turn\">\n<div class=\"flex-col gap-1 md:gap-3\">\n<div class=\"flex flex-grow flex-col max-w-full gap-3 gizmo:gap-0\">\n<div class=\"min-h-[20px] text-message flex flex-col items-start gap-3 whitespace-pre-wrap break-words [.text-message+&amp;]:mt-5 overflow-x-auto\" data-message-author-role=\"assistant\" data-message-id=\"fb7b18b1-e4e4-4e92-a08d-44d15dd1fba2\">\n<div class=\"markdown prose w-full break-words dark:prose-invert light\">\n<p>Nous avons mis en place des mesures de s\u00e9curit\u00e9 appropri\u00e9es pour \u00e9viter que vos donn\u00e9es personnelles ne soient accidentellement perdues, utilis\u00e9es ou consult\u00e9es de mani\u00e8re non autoris\u00e9e, modifi\u00e9es ou divulgu\u00e9es. De plus, nous limitons l&rsquo;acc\u00e8s \u00e0 vos donn\u00e9es personnelles \u00e0 nos employ\u00e9s, repr\u00e9sentants, sous-traitants et autres tiers qui ont besoin de les conna\u00eetre dans le but de remplir leurs fonctions. Ces derniers ne traiteront vos donn\u00e9es personnelles que conform\u00e9ment \u00e0 nos instructions et seront soumis \u00e0 une obligation de confidentialit\u00e9. Nous avons des proc\u00e9dures en place pour traiter toute suspicion de violation de donn\u00e9es personnelles, et nous vous informerons, ainsi que tout organisme de r\u00e9glementation pertinent, en cas de violation si nous sommes l\u00e9galement tenus de le faire.<\/p>\n<\/div>\n<\/div>\n<\/div>\n<\/div>\n<\/div>\n<\/div>\n<\/div>\n<\/div>\n<\/div>\n<\/div>\n<\/div>\n<\/div>\n<p>&nbsp;<\/p>\n<h2><strong>6)Quels sont vos droits l\u00e9gaux ?<\/strong><\/h2>\n<p>La <strong>meioB<\/strong> s&rsquo;engage \u00e0 respecter les droits l\u00e9gaux de ses clients en mati\u00e8re de protection des donn\u00e9es. Si vous nous envoyez une demande concernant vos droits dans le cadre de la l\u00e9gislation sur la protection des donn\u00e9es, nous r\u00e9pondrons dans un d\u00e9lai maximum d&rsquo;un mois \u00e0 compter de la date de r\u00e9ception et nous nous efforcerons de r\u00e9pondre \u00e0 cette demande dans le m\u00eame d\u00e9lai. Dans les cas les plus complexes, ce d\u00e9lai peut \u00eatre prolong\u00e9 d&rsquo;une p\u00e9riode maximale de deux mois.<\/p>\n<p>Conform\u00e9ment \u00e0 la l\u00e9gislation en vigueur &#8211; indiquer laquelle dans ce cadre &#8211; en tant qu&rsquo;utilisateur, vous avez le droit d&rsquo;acc\u00e9der, de rectifier, d&rsquo;effacer, de vous opposer et de transf\u00e9rer des donn\u00e9es personnelles vous concernant, ainsi que le droit de limiter le traitement que l&rsquo;entreprise effectue sur ces donn\u00e9es personnelles, et vous pouvez exercer ces droits :<\/p>\n<ul>\n<li>Par e-mail \u00e0 : <a href=\"mailto:geral@cimt.pt\" target=\"_new\" rel=\"noopener\">geral@cimt.pt<\/a><\/li>\n<li>Par t\u00e9l\u00e9phone au : +351 249 730 060<\/li>\n<\/ul>\n<p>En ce qui concerne les informations personnelles que l&rsquo;entreprise traite \u00e0 votre sujet, vous pouvez exercer les droits suivants :<\/p>\n<ul>\n<li>Droit \u00e0 l&rsquo;information<\/li>\n<li>Droit d&rsquo;acc\u00e8s (\u00e0 ces informations)<\/li>\n<li>Droit de rectification<\/li>\n<li>Droit \u00e0 l&rsquo;effacement<\/li>\n<li>Droit \u00e0 la limitation du traitement<\/li>\n<li>Droit d&rsquo;opposition<\/li>\n<li>Droit \u00e0 la portabilit\u00e9 des donn\u00e9es<\/li>\n<li>Droit de porter plainte aupr\u00e8s de l&rsquo;autorit\u00e9 de protection des donn\u00e9es<\/li>\n<li>Droit de retirer votre consentement<\/li>\n<\/ul>\n<p>Pour obtenir toutes les informations sur vos droits obligatoires, consultez la page de l&rsquo;autorit\u00e9 de protection des donn\u00e9es :<\/p>\n<p>Commission nationale de la protection des donn\u00e9es &#8211; <a href=\"https:\/\/www.cnpd.pt\/\" target=\"_new\" rel=\"noopener\">https:\/\/www.cnpd.pt\/<\/a><\/p>","protected":false},"excerpt":{"rendered":"<p>(Version r\u00e9vis\u00e9e au 17\/08\/2023) &nbsp; 1) Qui sommes-nous ? La pr\u00e9sente politique de confidentialit\u00e9 est \u00e9mise au nom de la Communaut\u00e9 Intermunicipale du M\u00e9dio Tejo, l&rsquo;entit\u00e9 promotrice du projet de v\u00e9los partag\u00e9s du M\u00e9dio Tejo, dont le si\u00e8ge est situ\u00e9 au Convento de S\u00e3o Francisco &#8211; Av. General Bernardo Faria, dans la municipalit\u00e9 de Tomar. [&hellip;]<\/p>\n","protected":false},"author":1,"featured_media":157,"parent":0,"menu_order":0,"comment_status":"closed","ping_status":"closed","template":"","meta":{"footnotes":""},"acf":[],"_links":{"self":[{"href":"https:\/\/meiob.pt\/fr\/wp-json\/wp\/v2\/pages\/114"}],"collection":[{"href":"https:\/\/meiob.pt\/fr\/wp-json\/wp\/v2\/pages"}],"about":[{"href":"https:\/\/meiob.pt\/fr\/wp-json\/wp\/v2\/types\/page"}],"author":[{"embeddable":true,"href":"https:\/\/meiob.pt\/fr\/wp-json\/wp\/v2\/users\/1"}],"replies":[{"embeddable":true,"href":"https:\/\/meiob.pt\/fr\/wp-json\/wp\/v2\/comments?post=114"}],"version-history":[{"count":0,"href":"https:\/\/meiob.pt\/fr\/wp-json\/wp\/v2\/pages\/114\/revisions"}],"wp:featuredmedia":[{"embeddable":true,"href":"https:\/\/meiob.pt\/fr\/wp-json\/wp\/v2\/media\/157"}],"wp:attachment":[{"href":"https:\/\/meiob.pt\/fr\/wp-json\/wp\/v2\/media?parent=114"}],"curies":[{"name":"wp","href":"https:\/\/api.w.org\/{rel}","templated":true}]}}