{"id":750,"date":"2026-04-28T14:21:23","date_gmt":"2026-04-28T14:21:23","guid":{"rendered":"https:\/\/meiob.pt\/?page_id=750"},"modified":"2026-04-29T15:45:11","modified_gmt":"2026-04-29T15:45:11","slug":"termos-e-condicoes","status":"publish","type":"page","link":"https:\/\/meiob.pt\/en\/termos-e-condicoes\/","title":{"rendered":"Terms and Conditions"},"content":{"rendered":"<p><strong>Last update<\/strong>: 04\/28\/2026<\/p>\n<p>The website https:\/\/meiob.pt is operated by:<\/p>\n<p style=\"font-weight: 400;\">COMUNIDADE INTERMUNICIPAL DO M\u00c9DIO TEJO<br \/>\n<strong>Trade name:<\/strong> Meio B<br \/>\n<strong>NIF:<\/strong> 502106506<br \/>\n<strong>Commercial Registry:<\/strong> registered at the Commercial Registry Office of Lisbon<br \/>\n<strong>Adress:<\/strong> Convento de S\u00e3o Francisco, Av. General Bernardo Faria 2300-535 Tomar<br \/>\n<strong>Email:<\/strong> suporte.meiob@cme.pt<br \/>\n<strong>Telephone:<\/strong> (+351) 249 000 111 (Custo de chamada para rede de fixa national)<\/p>\n<h2>Object<\/h2>\n<p>These are the terms and conditions governing access, navigation and use of the website https:\/\/meiob.pt.<\/p>\n<p>This website is an institutional and informative website, designed to present business, its services, its portfolio, its contacts and the receipt of contact requests, organization requests and candidates.<\/p>\n<p>This website does not constitute an online store and does not have a purchase, delivery, payment or automatic service contract system available.<\/p>\n<p>If there are any requests on the website that are not constituted, therefore, there is a contractual agreement, an award, a vinculative commission or an automatic contract celebration.<\/p>\n<p>Any provision of services by Meio B will depend on prior analysis, contact between parties and parties when applying, proposing, ordering or providing contractual documentation.<\/p>\n<p>&nbsp;<\/p>\n<h2>Using the website<\/h2>\n<p>The user compromises himself to use the website in a legal form, responsible and in conformity with the applicable law.<\/p>\n<p>Its forbidden:<\/p>\n<p>use the website for illicit, abusive, offensive or fraudulent purposes;<br \/>\nattempt to access reserved areas, servers or systems on Meio B, without authorization;<br \/>\nintroduce viruses, malware, malicious scripts or otherwise cause compromise to the security or operation of the website;<br \/>\nUse your formularies to receive false, abusive, spam or spam messages.<br \/>\nInformation available<\/p>\n<p>Meio B, ensures that the information available on our website is correct, current and useful. However, we do not guarantee that all of the contents are permanently complete, correct, updated or erroneous.<\/p>\n<p>Constant information on the website is of the nature of general information and commerce, but it does not provide direct confirmation of any of the items from the Company B, which is the cause of a concrete proposal, order, specific service conditions or operational availability.<\/p>\n<h2>Contact, organization and recruitment instructions<\/h2>\n<p>Our formularies are available on our website exclusively to facilitate contact with Meio B.<\/p>\n<p>The request for a form does not guarantee immediate response, approval of a proposal, acceptance of an application or contract for any service.<\/p>\n<p>Please note that we reserve the right to follow instructions that are manifestly abusive, incomplete, false or inconsistent with your activity.<\/p>\n<h2>Intellectual property<\/h2>\n<p>All the contents of the website, including texts, images, photos, graphic elements, logos, brands, design, structure and further contents, may be indicated in opposition, may be used by Meio B or are used with legal authorization.<\/p>\n<p>We do not permit reproduction, distribution, modification, public communication or any other form of use of website content without prior written authorization in our cases.<\/p>\n<h2>Leagues at third sites<\/h2>\n<p>This website can be linked to third-party websites, designed by social networks or external platforms. AMeio B does not control anything but assumes responsibility for the contents, policies, practices or operation of these websites.<\/p>\n<h2>Protection of dados and cookies<\/h2>\n<p>When using the website to involve the processing of children, our Privacy Policy and Cookies terms are available on our website.<\/p>\n<h2>Complaints and resolution of consumer disputes<\/h2>\n<p>In the case of a complaint, you can contact Meio B via email suporte.meiob@cme.pt or use an electronic receipt book, available on our website.<\/p>\n<p>In the event of a dispute, consumers may refer to a decision to resolve alternative disputes (RAL). Our terms of Lei n.\u00ba 144\/2015, of 8 of September, in case of dispute or consumer can be referred to a Center of Arbitration of Consumer Conflicts. In Portugal, this is available as follows:<\/p>\n<p>CNIACC \u2013 Centro Nacional de Informa\u00e7\u00e3o e Arbitragem de Conflitos de Consumo \u2014 www.cniacc.pt<br \/>\nCACCL \u2013 Centro de Arbitragem de Conflitos de Consumo de Lisboa \u2014 www.centroarbitragemlisboa.pt<br \/>\nCICAP \u2013 Centro de Informa\u00e7\u00e3o de Consumo e Arbitragem do Porto \u2014 www.cicap.pt<br \/>\nCIAB \u2013 Centro de Informa\u00e7\u00e3o, Media\u00e7\u00e3o e Arbitragem de Consumo (Braga) \u2014 www.ciab.pt<br \/>\nCIMAAL \u2013 Centro de Informa\u00e7\u00e3o, Media\u00e7\u00e3o e Arbitragem de Consumo do Algarve \u2014 www.cimaal.pt<br \/>\nCARC \u2013 Consumer Conflict Arbitration Center Coimbra \u2014 www.centrodearbitragemdecoimbra.com<br \/>\nA complete list of all RALs recognized in Portugal is available at\u00a0www.consumidor.gov.pt.<\/p>\n<p>For electronic commerce disputes, consumers can also consult the European Literacy Resolution Platform (ODR platform), available at: https:\/\/consumer-redress.ec.europa.eu\/index_en.<\/p>\n<h2>Alterations<\/h2>\n<p>A meio B reserva-se o direito de alterar, update ou remover, a qualquer momento et sem noticeo previo, cont\u00fados du website, bem like our present Terms and Conditions.<\/p>\n<h2>Applicable Lay<\/h2>\n<p>These terms and conditions apply to the Portuguese.<\/p>\n<p>In the event of a dispute, it will be applied to the Portuguese, without prejudice to the consumer protection standards that most apply.<\/p>","protected":false},"excerpt":{"rendered":"<p>Last update: 04\/28\/2026 The website https:\/\/meiob.pt is operated by: COMUNIDADE INTERMUNICIPAL DO M\u00c9DIO TEJO Trade name: Meio B NIF: 502106506 Commercial Registry: registered at the Commercial Registry Office of Lisbon Adress: Convento de S\u00e3o Francisco, Av. General Bernardo Faria 2300-535 Tomar Email: suporte.meiob@cme.pt Telephone: (+351) 249 000 111 (Custo de chamada para rede de fixa [&hellip;]<\/p>\n","protected":false},"author":1,"featured_media":0,"parent":0,"menu_order":0,"comment_status":"closed","ping_status":"closed","template":"","meta":{"footnotes":""},"acf":[],"_links":{"self":[{"href":"https:\/\/meiob.pt\/en\/wp-json\/wp\/v2\/pages\/750"}],"collection":[{"href":"https:\/\/meiob.pt\/en\/wp-json\/wp\/v2\/pages"}],"about":[{"href":"https:\/\/meiob.pt\/en\/wp-json\/wp\/v2\/types\/page"}],"author":[{"embeddable":true,"href":"https:\/\/meiob.pt\/en\/wp-json\/wp\/v2\/users\/1"}],"replies":[{"embeddable":true,"href":"https:\/\/meiob.pt\/en\/wp-json\/wp\/v2\/comments?post=750"}],"version-history":[{"count":7,"href":"https:\/\/meiob.pt\/en\/wp-json\/wp\/v2\/pages\/750\/revisions"}],"predecessor-version":[{"id":758,"href":"https:\/\/meiob.pt\/en\/wp-json\/wp\/v2\/pages\/750\/revisions\/758"}],"wp:attachment":[{"href":"https:\/\/meiob.pt\/en\/wp-json\/wp\/v2\/media?parent=750"}],"curies":[{"name":"wp","href":"https:\/\/api.w.org\/{rel}","templated":true}]}}